{"id":101,"date":"2025-09-03T07:23:44","date_gmt":"2025-09-03T07:23:44","guid":{"rendered":"https:\/\/www.grandrestaurant.sk\/?page_id=101"},"modified":"2025-10-22T13:05:01","modified_gmt":"2025-10-22T13:05:01","slug":"akcie-salonik","status":"publish","type":"page","link":"https:\/\/www.grandrestaurant.sk\/en\/akcie-salonik","title":{"rendered":"Akcie salonik"},"content":{"rendered":"<div data-elementor-type=\"wp-page\" data-elementor-id=\"101\" class=\"elementor elementor-101\" data-elementor-settings=\"{&quot;ha_cmc_init_switcher&quot;:&quot;no&quot;}\" data-elementor-post-type=\"page\">\n\t\t\t\t\t\t<section class=\"elementor-section elementor-top-section elementor-element elementor-element-3b8e72dd elementor-section-height-min-height elementor-section-boxed elementor-section-height-default elementor-section-items-middle\" data-id=\"3b8e72dd\" data-element_type=\"section\" data-settings=\"{&quot;background_background&quot;:&quot;classic&quot;,&quot;_ha_eqh_enable&quot;:false}\">\n\t\t\t\t\t\t\t<div class=\"elementor-background-overlay\"><\/div>\n\t\t\t\t\t\t\t<div class=\"elementor-container elementor-column-gap-no\">\n\t\t\t\t\t<div class=\"elementor-column elementor-col-100 elementor-top-column elementor-element elementor-element-7254b97b\" data-id=\"7254b97b\" data-element_type=\"column\">\n\t\t\t<div class=\"elementor-widget-wrap elementor-element-populated\">\n\t\t\t\t\t\t<div class=\"elementor-element elementor-element-3b2314ca elementor-invisible elementor-widget elementor-widget-heading\" data-id=\"3b2314ca\" data-element_type=\"widget\" data-settings=\"{&quot;_animation&quot;:&quot;fadeInUp&quot;}\" data-widget_type=\"heading.default\">\n\t\t\t\t\t<h1 class=\"elementor-heading-title elementor-size-default\">Priestor pre Va\u0161u s\u00fakromn\u00fa akciu<\/h1>\t\t\t\t<\/div>\n\t\t\t\t\t<\/div>\n\t\t<\/div>\n\t\t\t\t\t<\/div>\n\t\t<\/section>\n\t\t\t\t<section class=\"elementor-section elementor-top-section elementor-element elementor-element-4e45bb93 elementor-section-boxed elementor-section-height-default elementor-section-height-default\" data-id=\"4e45bb93\" data-element_type=\"section\" data-settings=\"{&quot;background_background&quot;:&quot;classic&quot;,&quot;_ha_eqh_enable&quot;:false}\">\n\t\t\t\t\t\t<div class=\"elementor-container elementor-column-gap-no\">\n\t\t\t\t\t<div class=\"elementor-column elementor-col-33 elementor-top-column elementor-element elementor-element-3ca0e661\" data-id=\"3ca0e661\" data-element_type=\"column\">\n\t\t\t<div class=\"elementor-widget-wrap elementor-element-populated\">\n\t\t\t\t\t\t<div class=\"elementor-element elementor-element-33a1796f elementor-invisible elementor-widget elementor-widget-image\" data-id=\"33a1796f\" data-element_type=\"widget\" data-settings=\"{&quot;_animation&quot;:&quot;fadeIn&quot;}\" data-widget_type=\"image.default\">\n\t\t\t\t\t\t\t\t\t\t\t\t\t\t\t<img decoding=\"async\" src=\"https:\/\/www.grandrestaurant.sk\/wp-content\/uploads\/elementor\/thumbs\/restaurant_012-rcuj8x99xptbhlpd9nfe1acq501gnr701fijoh6anw.jpg\" title=\"restaurant_012\" alt=\"restaurant_012\" loading=\"lazy\" \/>\t\t\t\t\t\t\t\t\t\t\t\t\t\t\t<\/div>\n\t\t\t\t\t<\/div>\n\t\t<\/div>\n\t\t\t\t<div class=\"elementor-column elementor-col-33 elementor-top-column elementor-element elementor-element-507bd814 elementor-hidden-tablet\" data-id=\"507bd814\" data-element_type=\"column\">\n\t\t\t<div class=\"elementor-widget-wrap\">\n\t\t\t\t\t\t\t<\/div>\n\t\t<\/div>\n\t\t\t\t<div class=\"elementor-column elementor-col-33 elementor-top-column elementor-element elementor-element-55d51bda\" data-id=\"55d51bda\" data-element_type=\"column\">\n\t\t\t<div class=\"elementor-widget-wrap elementor-element-populated\">\n\t\t\t\t\t\t<div class=\"elementor-element elementor-element-4534500f elementor-invisible elementor-widget elementor-widget-heading\" data-id=\"4534500f\" data-element_type=\"widget\" data-settings=\"{&quot;_animation&quot;:&quot;fadeIn&quot;,&quot;_animation_delay&quot;:200}\" data-widget_type=\"heading.default\">\n\t\t\t\t\t<h2 class=\"elementor-heading-title elementor-size-default\">Akcie pod\u013ea va\u0161ich predst\u00e1v<\/h2>\t\t\t\t<\/div>\n\t\t\t\t<div class=\"elementor-element elementor-element-26534cfd elementor-invisible elementor-widget elementor-widget-text-editor\" data-id=\"26534cfd\" data-element_type=\"widget\" data-settings=\"{&quot;_animation&quot;:&quot;fadeInUp&quot;,&quot;_animation_delay&quot;:400}\" data-widget_type=\"text-editor.default\">\n\t\t\t\t\t\t\t\t\t<p data-start=\"154\" data-end=\"391\">N\u00e1\u0161 \u0161t\u00fdlov\u00fd sal\u00f3nik je ide\u00e1lnym miestom pre rodinn\u00e9 oslavy, firemn\u00e9 ve\u010dierky, pracovn\u00e9 stretnutia \u010di komorn\u00e9 svadby. Postar\u00e1me sa o v\u0161etko \u2013 od chutn\u00e9ho menu, pr\u00edjemnej obsluhy a\u017e po atmosf\u00e9ru, ktor\u00e1 dotvor\u00ed v\u00fdnimo\u010dnos\u0165 va\u0161ej udalosti.<\/p><p data-start=\"393\" data-end=\"500\">Ka\u017ed\u00e1 akcia je pre n\u00e1s jedine\u010dn\u00e1 \u2013 radi v\u00e1m priprav\u00edme ponuku presne pod\u013ea va\u0161ich predst\u00e1v a po\u017eiadaviek.<\/p>\t\t\t\t\t\t\t\t<\/div>\n\t\t\t\t\t<\/div>\n\t\t<\/div>\n\t\t\t\t\t<\/div>\n\t\t<\/section>\n\t\t<div class=\"elementor-element elementor-element-5b11dd5 e-flex e-con-boxed e-con e-parent\" data-id=\"5b11dd5\" data-element_type=\"container\" data-settings=\"{&quot;background_background&quot;:&quot;classic&quot;,&quot;_ha_eqh_enable&quot;:false}\">\n\t\t\t\t\t<div class=\"e-con-inner\">\n\t\t\t\t<div class=\"elementor-element elementor-element-13eb336 elementor-widget elementor-widget-text-editor\" data-id=\"13eb336\" data-element_type=\"widget\" data-widget_type=\"text-editor.default\">\n\t\t\t\t\t\t\t\t\t<p>V na\u0161om sal\u00f3niku pre v\u00e1s radi priprav\u00edme akciu presne pod\u013ea va\u0161ich predst\u00e1v. Pon\u00fakame priestor ide\u00e1lny na:<\/p><p data-start=\"278\" data-end=\"304\">Rodinn\u00e9 oslavy a jubile\u00e1<\/p><p data-start=\"307\" data-end=\"340\">Krstiny a prv\u00e9 sv\u00e4t\u00e9 prij\u00edmania<\/p><p data-start=\"343\" data-end=\"377\">Firemn\u00e9 ve\u010dierky a teambuildingy<\/p><p data-start=\"380\" data-end=\"416\">Svadobn\u00e9 hostiny \u010di komorn\u00e9 svadby<\/p><p data-start=\"419\" data-end=\"472\">Prom\u00f3cie, stret\u00e1vky alebo in\u00e9 spolo\u010densk\u00e9 podujatia<\/p><p data-start=\"475\" data-end=\"501\">Sm\u00fato\u010dn\u00e9 posedenia (kar)<\/p><p data-start=\"771\" data-end=\"907\">\u00a0<\/p>\t\t\t\t\t\t\t\t<\/div>\n\t\t\t\t\t<\/div>\n\t\t\t\t<\/div>\n\t\t\t\t<section class=\"elementor-section elementor-top-section elementor-element elementor-element-77418357 elementor-section-height-min-height elementor-section-boxed elementor-section-height-default elementor-section-items-middle\" data-id=\"77418357\" data-element_type=\"section\" data-settings=\"{&quot;background_background&quot;:&quot;classic&quot;,&quot;_ha_eqh_enable&quot;:false}\">\n\t\t\t\t\t\t\t<div class=\"elementor-background-overlay\"><\/div>\n\t\t\t\t\t\t\t<div class=\"elementor-container elementor-column-gap-no\">\n\t\t\t\t\t<div class=\"elementor-column elementor-col-50 elementor-top-column elementor-element elementor-element-3338e6e0 elementor-invisible\" data-id=\"3338e6e0\" data-element_type=\"column\" data-settings=\"{&quot;animation&quot;:&quot;fadeInLeft&quot;}\">\n\t\t\t<div class=\"elementor-widget-wrap elementor-element-populated\">\n\t\t\t\t\t\t<div class=\"elementor-element elementor-element-4b0e86d0 elementor-widget elementor-widget-heading\" data-id=\"4b0e86d0\" data-element_type=\"widget\" data-widget_type=\"heading.default\">\n\t\t\t\t\t<h2 class=\"elementor-heading-title elementor-size-default\">Kompletn\u00e1 akcia presne na mieru<\/h2>\t\t\t\t<\/div>\n\t\t\t\t<div class=\"elementor-element elementor-element-110fdab9 elementor-widget elementor-widget-text-editor\" data-id=\"110fdab9\" data-element_type=\"widget\" data-widget_type=\"text-editor.default\">\n\t\t\t\t\t\t\t\t\t<p data-start=\"503\" data-end=\"769\">Postar\u00e1me sa o kompletn\u00fd servis \u2013 od v\u00fdzdoby priestorov, pr\u00edjemnej obsluhy, a\u017e po menu \u0161it\u00e9 na mieru. M\u00f4\u017eete si vybra\u0165 serv\u00edrovan\u00e9 chody alebo pestr\u00e9 \u0161v\u00e9dske stoly. Radi pre v\u00e1s priprav\u00edme aj tematick\u00fa v\u00fdzdobu, n\u00e1pojov\u00fd l\u00edstok \u010di \u0161peci\u00e1lne sladk\u00e9 a slan\u00e9 poch\u00fa\u0165ky.<\/p><p data-start=\"771\" data-end=\"907\">U n\u00e1s n\u00e1jdete v\u0161etko, \u010do potrebujete, aby sa va\u0161a akcia stala nezabudnute\u013enou \u2013 \u010di u\u017e ide o radostn\u00fa udalos\u0165 alebo d\u00f4stojn\u00e9 posedenie.<\/p>\t\t\t\t\t\t\t\t<\/div>\n\t\t\t\t\t<\/div>\n\t\t<\/div>\n\t\t\t\t<div class=\"elementor-column elementor-col-50 elementor-top-column elementor-element elementor-element-4866fee6 elementor-invisible\" data-id=\"4866fee6\" data-element_type=\"column\" data-settings=\"{&quot;animation&quot;:&quot;fadeInRight&quot;,&quot;animation_delay&quot;:200}\">\n\t\t\t<div class=\"elementor-widget-wrap elementor-element-populated\">\n\t\t\t\t\t\t<div class=\"elementor-element elementor-element-7af7fa4e elementor-align-right elementor-mobile-align-center elementor-widget elementor-widget-button\" data-id=\"7af7fa4e\" data-element_type=\"widget\" data-widget_type=\"button.default\">\n\t\t\t\t\t\t\t\t\t\t<a class=\"elementor-button elementor-button-link elementor-size-sm elementor-animation-grow\" href=\"https:\/\/www.grandrestaurant.sk\/en\/kontakt\/\">\n\t\t\t\t\t\t<span class=\"elementor-button-content-wrapper\">\n\t\t\t\t\t\t\t\t\t<span class=\"elementor-button-text\">KOntaktujte nas<\/span>\n\t\t\t\t\t<\/span>\n\t\t\t\t\t<\/a>\n\t\t\t\t\t\t\t\t<\/div>\n\t\t\t\t\t<\/div>\n\t\t<\/div>\n\t\t\t\t\t<\/div>\n\t\t<\/section>\n\t\t\t\t<section class=\"elementor-section elementor-top-section elementor-element elementor-element-452b93dd elementor-section-height-min-height elementor-section-full_width elementor-section-height-default elementor-section-items-middle\" data-id=\"452b93dd\" data-element_type=\"section\" data-settings=\"{&quot;background_background&quot;:&quot;classic&quot;,&quot;_ha_eqh_enable&quot;:false}\">\n\t\t\t\t\t\t<div class=\"elementor-container elementor-column-gap-no\">\n\t\t\t\t\t<div class=\"elementor-column elementor-col-25 elementor-top-column elementor-element elementor-element-302f084d\" data-id=\"302f084d\" data-element_type=\"column\">\n\t\t\t<div class=\"elementor-widget-wrap elementor-element-populated\">\n\t\t\t\t\t\t<div class=\"elementor-element elementor-element-6d15c05f ekit-equal-height-disable elementor-widget elementor-widget-elementskit-icon-box\" data-id=\"6d15c05f\" data-element_type=\"widget\" data-widget_type=\"elementskit-icon-box.default\">\n\t\t\t\t\t<div class=\"ekit-wid-con\" >        <!-- link opening -->\n                <a href=\"#\" class=\"ekit_global_links\">\n                <!-- end link opening -->\n\n        <div class=\"elementskit-infobox text-center text- icon-lef-right-aligin elementor-animation-  gradient-active  hover_from_bottom\">\n                        <div class=\"box-body\">\n                            <h3 class=\"elementskit-info-box-title\">\n                    Krstiny                <\/h3>\n                                            <\/div>\n        \n        \n                <\/div>\n                <\/a>\n        <\/div>\t\t\t\t<\/div>\n\t\t\t\t\t<\/div>\n\t\t<\/div>\n\t\t\t\t<div class=\"elementor-column elementor-col-25 elementor-top-column elementor-element elementor-element-7d282a9f\" data-id=\"7d282a9f\" data-element_type=\"column\">\n\t\t\t<div class=\"elementor-widget-wrap elementor-element-populated\">\n\t\t\t\t\t\t<div class=\"elementor-element elementor-element-2fa07cc3 ekit-equal-height-disable elementor-widget elementor-widget-elementskit-icon-box\" data-id=\"2fa07cc3\" data-element_type=\"widget\" data-widget_type=\"elementskit-icon-box.default\">\n\t\t\t\t\t<div class=\"ekit-wid-con\" >        <!-- link opening -->\n                <a href=\"#\" class=\"ekit_global_links\">\n                <!-- end link opening -->\n\n        <div class=\"elementskit-infobox text-center text- icon-lef-right-aligin elementor-animation-  gradient-active  hover_from_bottom\">\n                        <div class=\"box-body\">\n                            <h3 class=\"elementskit-info-box-title\">\n                    Ve\u010dierky                <\/h3>\n                                            <\/div>\n        \n        \n                <\/div>\n                <\/a>\n        <\/div>\t\t\t\t<\/div>\n\t\t\t\t\t<\/div>\n\t\t<\/div>\n\t\t\t\t<div class=\"elementor-column elementor-col-25 elementor-top-column elementor-element elementor-element-53c386ae\" data-id=\"53c386ae\" data-element_type=\"column\">\n\t\t\t<div class=\"elementor-widget-wrap elementor-element-populated\">\n\t\t\t\t\t\t<div class=\"elementor-element elementor-element-1a121e1f ekit-equal-height-disable elementor-widget elementor-widget-elementskit-icon-box\" data-id=\"1a121e1f\" data-element_type=\"widget\" data-widget_type=\"elementskit-icon-box.default\">\n\t\t\t\t\t<div class=\"ekit-wid-con\" >        <!-- link opening -->\n                <a href=\"#\" class=\"ekit_global_links\">\n                <!-- end link opening -->\n\n        <div class=\"elementskit-infobox text-center text- icon-lef-right-aligin elementor-animation-  gradient-active  hover_from_bottom\">\n                        <div class=\"box-body\">\n                            <h3 class=\"elementskit-info-box-title\">\n                    Oslavy                <\/h3>\n                        \t\t  \t<p> Lorem ipsum dolor sit amet<\/p>\n                                <\/div>\n        \n        \n                <\/div>\n                <\/a>\n        <\/div>\t\t\t\t<\/div>\n\t\t\t\t\t<\/div>\n\t\t<\/div>\n\t\t\t\t<div class=\"elementor-column elementor-col-25 elementor-top-column elementor-element elementor-element-32e04be0\" data-id=\"32e04be0\" data-element_type=\"column\">\n\t\t\t<div class=\"elementor-widget-wrap elementor-element-populated\">\n\t\t\t\t\t\t<div class=\"elementor-element elementor-element-2e5aacd0 ekit-equal-height-disable elementor-widget elementor-widget-elementskit-icon-box\" data-id=\"2e5aacd0\" data-element_type=\"widget\" data-widget_type=\"elementskit-icon-box.default\">\n\t\t\t\t\t<div class=\"ekit-wid-con\" >        <!-- link opening -->\n                <a href=\"#\" class=\"ekit_global_links\">\n                <!-- end link opening -->\n\n        <div class=\"elementskit-infobox text-center text- icon-lef-right-aligin elementor-animation-  gradient-active  hover_from_bottom\">\n                        <div class=\"box-body\">\n                            <h3 class=\"elementskit-info-box-title\">\n                    Svadby                <\/h3>\n                                            <\/div>\n        \n        \n                <\/div>\n                <\/a>\n        <\/div>\t\t\t\t<\/div>\n\t\t\t\t\t<\/div>\n\t\t<\/div>\n\t\t\t\t\t<\/div>\n\t\t<\/section>\n\t\t<div class=\"elementor-element elementor-element-3e804e5 e-flex e-con-boxed e-con e-parent\" data-id=\"3e804e5\" data-element_type=\"container\" data-settings=\"{&quot;background_background&quot;:&quot;classic&quot;,&quot;_ha_eqh_enable&quot;:false}\">\n\t\t\t\t\t<div class=\"e-con-inner\">\n\t\t\t\t<div class=\"elementor-element elementor-element-e61372e elementor-widget elementor-widget-heading\" data-id=\"e61372e\" data-element_type=\"widget\" data-widget_type=\"heading.default\">\n\t\t\t\t\t<h2 class=\"elementor-heading-title elementor-size-default\">Akcie a Eventy u N\u00e1s<\/h2>\t\t\t\t<\/div>\n\t\t\t\t\t<\/div>\n\t\t\t\t<\/div>\n\t\t\t\t<section class=\"elementor-section elementor-top-section elementor-element elementor-element-238f560e elementor-section-boxed elementor-section-height-default elementor-section-height-default\" data-id=\"238f560e\" data-element_type=\"section\" data-settings=\"{&quot;background_background&quot;:&quot;classic&quot;,&quot;_ha_eqh_enable&quot;:false}\">\n\t\t\t\t\t\t<div class=\"elementor-container elementor-column-gap-no\">\n\t\t\t\t\t<div class=\"elementor-column elementor-col-100 elementor-top-column elementor-element elementor-element-44f0bda2 elementor-invisible\" data-id=\"44f0bda2\" data-element_type=\"column\" data-settings=\"{&quot;animation&quot;:&quot;fadeInUp&quot;}\">\n\t\t\t<div class=\"elementor-widget-wrap elementor-element-populated\">\n\t\t\t\t\t\t<div class=\"elementor-element elementor-element-6b5784a5 elementor-widget elementor-widget-image\" data-id=\"6b5784a5\" data-element_type=\"widget\" data-widget_type=\"image.default\">\n\t\t\t\t\t\t\t\t\t\t\t\t\t\t\t<img decoding=\"async\" src=\"https:\/\/www.grandrestaurant.sk\/wp-content\/uploads\/elementor\/thumbs\/Halloweenska-noc-v-Grand-Restaurant-rd7eo9r1uuedgvyeg53w5fnzhq0osiuly8g8byp89a.png\" title=\"Halloweensk\u00e1 noc v Grand Restaurant\" alt=\"Halloweensk\u00e1 noc v Grand Restaurant\" loading=\"lazy\" \/>\t\t\t\t\t\t\t\t\t\t\t\t\t\t\t<\/div>\n\t\t\t\t<div class=\"elementor-element elementor-element-79b54db elementor-widget elementor-widget-heading\" data-id=\"79b54db\" data-element_type=\"widget\" data-widget_type=\"heading.default\">\n\t\t\t\t\t<h4 class=\"elementor-heading-title elementor-size-default\">Halloween<\/h4>\t\t\t\t<\/div>\n\t\t\t\t<div class=\"elementor-element elementor-element-1996ca34 elementor-icon-list--layout-inline elementor-list-item-link-full_width elementor-widget elementor-widget-icon-list\" data-id=\"1996ca34\" data-element_type=\"widget\" data-widget_type=\"icon-list.default\">\n\t\t\t\t\t\t\t<ul class=\"elementor-icon-list-items elementor-inline-items\">\n\t\t\t\t\t\t\t<li class=\"elementor-icon-list-item elementor-inline-item\">\n\t\t\t\t\t\t\t\t\t\t\t<span class=\"elementor-icon-list-icon\">\n\t\t\t\t\t\t\t<i aria-hidden=\"true\" class=\"icon icon-clock2\"><\/i>\t\t\t\t\t\t<\/span>\n\t\t\t\t\t\t\t\t\t\t<span class=\"elementor-icon-list-text\">31.10.205 I 18:30<\/span>\n\t\t\t\t\t\t\t\t\t<\/li>\n\t\t\t\t\t\t<\/ul>\n\t\t\t\t\t\t<\/div>\n\t\t\t\t<div class=\"elementor-element elementor-element-fd2911 elementor-widget elementor-widget-text-editor\" data-id=\"fd2911\" data-element_type=\"widget\" data-widget_type=\"text-editor.default\">\n\t\t\t\t\t\t\t\t\t<p>Za\u017eite jedine\u010dn\u00fd halloweensky ve\u010der u n\u00e1s v Grand Restaurant. Jedine\u010dn\u00e9 t\u00e9matick\u00e9 menu, t\u00e9matick\u00e9 drinky a live DJ. Pr\u00eddite v maske a automaticky z\u00edsk\u00e1te od n\u00e1s welcome drink ZDARMA.<\/p>\t\t\t\t\t\t\t\t<\/div>\n\t\t\t\t\t<\/div>\n\t\t<\/div>\n\t\t\t\t\t<\/div>\n\t\t<\/section>\n\t\t\t\t<\/div>","protected":false},"excerpt":{"rendered":"<p>Priestor pre Va\u0161u s\u00fakromn\u00fa akciu Akcie pod\u013ea va\u0161ich predst\u00e1v N\u00e1\u0161 \u0161t\u00fdlov\u00fd sal\u00f3nik je ide\u00e1lnym miestom pre rodinn\u00e9 oslavy, firemn\u00e9 ve\u010dierky, pracovn\u00e9 stretnutia \u010di komorn\u00e9 svadby. Postar\u00e1me sa o v\u0161etko \u2013 od chutn\u00e9ho menu, pr\u00edjemnej obsluhy a\u017e po atmosf\u00e9ru, ktor\u00e1 dotvor\u00ed v\u00fdnimo\u010dnos\u0165 va\u0161ej udalosti. Ka\u017ed\u00e1 akcia je pre n\u00e1s jedine\u010dn\u00e1 \u2013 radi v\u00e1m priprav\u00edme ponuku presne [&hellip;]<\/p>","protected":false},"author":1,"featured_media":0,"parent":0,"menu_order":0,"comment_status":"closed","ping_status":"closed","template":"elementor_header_footer","meta":{"footnotes":""},"class_list":["post-101","page","type-page","status-publish","hentry"],"_links":{"self":[{"href":"https:\/\/www.grandrestaurant.sk\/en\/wp-json\/wp\/v2\/pages\/101","targetHints":{"allow":["GET"]}}],"collection":[{"href":"https:\/\/www.grandrestaurant.sk\/en\/wp-json\/wp\/v2\/pages"}],"about":[{"href":"https:\/\/www.grandrestaurant.sk\/en\/wp-json\/wp\/v2\/types\/page"}],"author":[{"embeddable":true,"href":"https:\/\/www.grandrestaurant.sk\/en\/wp-json\/wp\/v2\/users\/1"}],"replies":[{"embeddable":true,"href":"https:\/\/www.grandrestaurant.sk\/en\/wp-json\/wp\/v2\/comments?post=101"}],"version-history":[{"count":19,"href":"https:\/\/www.grandrestaurant.sk\/en\/wp-json\/wp\/v2\/pages\/101\/revisions"}],"predecessor-version":[{"id":355,"href":"https:\/\/www.grandrestaurant.sk\/en\/wp-json\/wp\/v2\/pages\/101\/revisions\/355"}],"wp:attachment":[{"href":"https:\/\/www.grandrestaurant.sk\/en\/wp-json\/wp\/v2\/media?parent=101"}],"curies":[{"name":"wp","href":"https:\/\/api.w.org\/{rel}","templated":true}]}}